{"id":107,"date":"2020-12-03T19:22:26","date_gmt":"2020-12-03T18:22:26","guid":{"rendered":"http:\/\/www.hafenton.de\/?page_id=107"},"modified":"2023-08-24T18:29:43","modified_gmt":"2023-08-24T16:29:43","slug":"events","status":"publish","type":"page","link":"https:\/\/www.hafenton.de\/?page_id=107","title":{"rendered":"Produkte"},"content":{"rendered":"<p>[vc_row][vc_column width=&#8221;1\/4&#8243;][vc_column_text]<strong>Bezugsquelle:<\/strong>[\/vc_column_text][\/vc_column][vc_column width=&#8221;3\/4&#8243;][vc_column_text]<strong>Jacobi &amp; M\u00fcller e.K.<\/strong><br \/>\nHarz 2<br \/>\n06108 Halle<br \/>\nTelefon: 0345 2909740<br \/>\nE-Mail: info@jacobiundmueller.de<br \/>\nWeb: <a href=\"https:\/\/jacobiundmueller.buchhandlung.de\/shop\/\" target=\"_blank\" rel=\"noopener\">https:\/\/jacobiundmueller.buchhandlung.de\/shop\/<\/a>[\/vc_column_text][\/vc_column][\/vc_row][vc_row][vc_column width=&#8221;1\/4&#8243;][vc_single_image image=&#8221;258&#8243; img_size=&#8221;medium&#8221;][\/vc_column][vc_column width=&#8221;3\/4&#8243;][vc_column_text]<strong>Autorenheft No 58 \u00a0Zeit in St\u00fccken. \u00a05,00 Euro<br \/>\n<\/strong>Ausz\u00fcge aus Theatertexten, 2012<br \/>\n48 Seiten A5 hoch. Durchstichbroschur[\/vc_column_text][\/vc_column][\/vc_row][vc_row][vc_column width=&#8221;1\/4&#8243;][vc_single_image image=&#8221;240&#8243; img_size=&#8221;medium&#8221;][\/vc_column][vc_column width=&#8221;3\/4&#8243;][vc_column_text]<strong>gleiche Zeit &#8211; anderes Land. \u00a010,00 euro<br \/>\n<\/strong>zwei kindheiten 1960 &#8211; 1973<br \/>\nParallelbiographie mit Ronald W. Gruner<br \/>\n208 Seiten, 11,5 x 18 cm, Paperback<br \/>\nMachtwortverlag Dessau 2016[\/vc_column_text][\/vc_column][\/vc_row][vc_row][vc_column width=&#8221;1\/4&#8243;][vc_single_image image=&#8221;254&#8243; img_size=&#8221;medium&#8221;][\/vc_column][vc_column width=&#8221;3\/4&#8243;][vc_column_text]<strong>Anthologie Heimat. (Hrsg. Klaus Farin). 12,00 Euro<br \/>\n<\/strong>Seiten 45-51, Hardcover 16 x 9,8 cm<br \/>\nHirnkostverlag 2020[\/vc_column_text][\/vc_column][\/vc_row][vc_row][vc_column width=&#8221;1\/4&#8243;][vc_single_image image=&#8221;255&#8243; img_size=&#8221;medium&#8221;][\/vc_column][vc_column width=&#8221;3\/4&#8243;][vc_column_text]<strong>Poesie einer Stadt &#8220;Im Freien&#8221;. 20,00 Euro<br \/>\n<\/strong>(Hrsg.: Siegfried von der Heide, T.O. Immisch)<br \/>\nein prosagraphischer Begleiter durch Halle<br \/>\n18 K\u00fcnstlerinnen und K\u00fcnstler beschreiben Halle in Text und Bild<br \/>\n144 Seiten, 24 x 17 cm, mit 72 farbigen Bildern<br \/>\nMitteldeutscher Verlag 2021<br \/>\nVorschau: <a href=\"http:\/\/www.poesie-einer-stadt.de\" target=\"_blank\" rel=\"noopener\">www.poesie-einer-stadt.de<\/a>[\/vc_column_text][\/vc_column][\/vc_row][vc_row][vc_column width=&#8221;1\/4&#8243;][vc_single_image image=&#8221;252&#8243; img_size=&#8221;medium&#8221;][\/vc_column][vc_column width=&#8221;3\/4&#8243;][vc_column_text]<strong>Das Klavier am Kran. \u00a028,00 Euro<br \/>\n<\/strong>Das Fernsehstudio Halle 1963-1991<br \/>\n240 Seiten 17&#215;24 cm mit mehr als 100 s\/w Bildern von J\u00fcrgen Domes<br \/>\nStekovics-Verlag 2022[\/vc_column_text][\/vc_column][\/vc_row][vc_row][vc_column width=&#8221;1\/4&#8243;][vc_single_image image=&#8221;257&#8243; img_size=&#8221;medium&#8221;][\/vc_column][vc_column width=&#8221;3\/4&#8243;][vc_column_text]<strong>PorkPieTexture. &#8220;eins&#8221;. \u00a015,00 Euro<br \/>\n<\/strong>CD, 12 Titel, \u00a043 Min. u.a. mit \u00dcbersetzungen von<br \/>\nTom Waits-Titeln, Bearbeitungen von Hildegard Knef,<br \/>\nCurtis Stigers, Manfred Krug und Kermit dem Frosch.<br \/>\nEigenverlag, M\u00e4rz 2023<br \/>\nalternative Bezugsquelle: <a href=\"https:\/\/musikhaus-halle.de\/\" target=\"_blank\" rel=\"noopener\">https:\/\/musikhaus-halle.de\/<\/a>[\/vc_column_text][\/vc_column][\/vc_row][vc_row][vc_column width=&#8221;1\/4&#8243;][vc_single_image image=&#8221;256&#8243; img_size=&#8221;medium&#8221;][\/vc_column][vc_column width=&#8221;3\/4&#8243;][vc_column_text]<strong>Poesie einer Stadt &#8220;oben&amp;unten&#8221;. 20,00 Euro<br \/>\n<\/strong>(Hrsg. Siegfried von der Heide, T.O. Immisch)<br \/>\nein prosagraphischer Begleiter durch Halle<br \/>\n23 K\u00fcnstlerinnen und K\u00fcnstler beschreiben T\u00fcrme und Gew\u00f6lbe in Halle.<br \/>\n112 Seiten 17 x 24 cm mit 72 Bildern s\/w und 4c<br \/>\nMitteldeutscher Verlag, \u00a0Juli 2023<br \/>\nVorschau: <a href=\"http:\/\/www.poesie-einer-stadt\" target=\"_blank\" rel=\"noopener\">www.poesie-einer-stadt<\/a>[\/vc_column_text][\/vc_column][\/vc_row]<\/p>\n","protected":false},"excerpt":{"rendered":"<p>[vc_row][vc_column width=&#8221;1\/4&#8243;][vc_column_text]Bezugsquelle:[\/vc_column_text][\/vc_column][vc_column width=&#8221;3\/4&#8243;][vc_column_text]Jacobi &amp; M\u00fcller e.K. Harz 2 06108 Halle Telefon: 0345 2909740 E-Mail: info@jacobiundmueller.de Web: https:\/\/jacobiundmueller.buchhandlung.de\/shop\/[\/vc_column_text][\/vc_column][\/vc_row][vc_row][vc_column width=&#8221;1\/4&#8243;][vc_single_image image=&#8221;258&#8243; img_size=&#8221;medium&#8221;][\/vc_column][vc_column width=&#8221;3\/4&#8243;][vc_column_text]Autorenheft No 58 \u00a0Zeit in St\u00fccken. \u00a05,00 Euro Ausz\u00fcge aus Theatertexten, 2012 48 Seiten A5 hoch. Durchstichbroschur[\/vc_column_text][\/vc_column][\/vc_row][vc_row][vc_column width=&#8221;1\/4&#8243;][vc_single_image image=&#8221;240&#8243; img_size=&#8221;medium&#8221;][\/vc_column][vc_column width=&#8221;3\/4&#8243;][vc_column_text]gleiche Zeit &#8211; anderes Land. \u00a010,00 euro zwei kindheiten 1960 &#8211; 1973 Parallelbiographie mit Ronald [&hellip;]<\/p>\n","protected":false},"author":1,"featured_media":0,"parent":0,"menu_order":0,"comment_status":"closed","ping_status":"closed","template":"","meta":{"footnotes":""},"class_list":["post-107","page","type-page","status-publish","hentry"],"yoast_head":"<!-- This site is optimized with the Yoast SEO plugin v20.7 - https:\/\/yoast.com\/wordpress\/plugins\/seo\/ -->\n<title>Produkte - Hafenton<\/title>\n<meta name=\"robots\" content=\"index, follow, max-snippet:-1, max-image-preview:large, max-video-preview:-1\" \/>\n<link rel=\"canonical\" href=\"https:\/\/www.hafenton.de\/?page_id=107\" \/>\n<meta property=\"og:locale\" content=\"de_DE\" \/>\n<meta property=\"og:type\" content=\"article\" \/>\n<meta property=\"og:title\" content=\"Produkte - Hafenton\" \/>\n<meta property=\"og:description\" content=\"[vc_row][vc_column width=&#8221;1\/4&#8243;][vc_column_text]Bezugsquelle:[\/vc_column_text][\/vc_column][vc_column width=&#8221;3\/4&#8243;][vc_column_text]Jacobi &amp; M\u00fcller e.K. Harz 2 06108 Halle Telefon: 0345 2909740 E-Mail: info@jacobiundmueller.de Web: https:\/\/jacobiundmueller.buchhandlung.de\/shop\/[\/vc_column_text][\/vc_column][\/vc_row][vc_row][vc_column width=&#8221;1\/4&#8243;][vc_single_image image=&#8221;258&#8243; img_size=&#8221;medium&#8221;][\/vc_column][vc_column width=&#8221;3\/4&#8243;][vc_column_text]Autorenheft No 58 \u00a0Zeit in St\u00fccken. \u00a05,00 Euro Ausz\u00fcge aus Theatertexten, 2012 48 Seiten A5 hoch. Durchstichbroschur[\/vc_column_text][\/vc_column][\/vc_row][vc_row][vc_column width=&#8221;1\/4&#8243;][vc_single_image image=&#8221;240&#8243; img_size=&#8221;medium&#8221;][\/vc_column][vc_column width=&#8221;3\/4&#8243;][vc_column_text]gleiche Zeit &#8211; anderes Land. \u00a010,00 euro zwei kindheiten 1960 &#8211; 1973 Parallelbiographie mit Ronald [&hellip;]\" \/>\n<meta property=\"og:url\" content=\"https:\/\/www.hafenton.de\/?page_id=107\" \/>\n<meta property=\"og:site_name\" content=\"Hafenton\" \/>\n<meta property=\"article:modified_time\" content=\"2023-08-24T16:29:43+00:00\" \/>\n<meta name=\"twitter:card\" content=\"summary_large_image\" \/>\n<meta name=\"twitter:label1\" content=\"Gesch\u00e4tzte Lesezeit\" \/>\n\t<meta name=\"twitter:data1\" content=\"2\u00a0Minuten\" \/>\n<script type=\"application\/ld+json\" class=\"yoast-schema-graph\">{\"@context\":\"https:\/\/schema.org\",\"@graph\":[{\"@type\":\"WebPage\",\"@id\":\"https:\/\/www.hafenton.de\/?page_id=107\",\"url\":\"https:\/\/www.hafenton.de\/?page_id=107\",\"name\":\"Produkte - Hafenton\",\"isPartOf\":{\"@id\":\"https:\/\/www.hafenton.de\/#website\"},\"datePublished\":\"2020-12-03T18:22:26+00:00\",\"dateModified\":\"2023-08-24T16:29:43+00:00\",\"breadcrumb\":{\"@id\":\"https:\/\/www.hafenton.de\/?page_id=107#breadcrumb\"},\"inLanguage\":\"de\",\"potentialAction\":[{\"@type\":\"ReadAction\",\"target\":[\"https:\/\/www.hafenton.de\/?page_id=107\"]}]},{\"@type\":\"BreadcrumbList\",\"@id\":\"https:\/\/www.hafenton.de\/?page_id=107#breadcrumb\",\"itemListElement\":[{\"@type\":\"ListItem\",\"position\":1,\"name\":\"Startseite\",\"item\":\"https:\/\/www.hafenton.de\/\"},{\"@type\":\"ListItem\",\"position\":2,\"name\":\"Produkte\"}]},{\"@type\":\"WebSite\",\"@id\":\"https:\/\/www.hafenton.de\/#website\",\"url\":\"https:\/\/www.hafenton.de\/\",\"name\":\"Hafenton\",\"description\":\"\",\"potentialAction\":[{\"@type\":\"SearchAction\",\"target\":{\"@type\":\"EntryPoint\",\"urlTemplate\":\"https:\/\/www.hafenton.de\/?s={search_term_string}\"},\"query-input\":\"required name=search_term_string\"}],\"inLanguage\":\"de\"}]}<\/script>\n<!-- \/ Yoast SEO plugin. -->","yoast_head_json":{"title":"Produkte - Hafenton","robots":{"index":"index","follow":"follow","max-snippet":"max-snippet:-1","max-image-preview":"max-image-preview:large","max-video-preview":"max-video-preview:-1"},"canonical":"https:\/\/www.hafenton.de\/?page_id=107","og_locale":"de_DE","og_type":"article","og_title":"Produkte - Hafenton","og_description":"[vc_row][vc_column width=&#8221;1\/4&#8243;][vc_column_text]Bezugsquelle:[\/vc_column_text][\/vc_column][vc_column width=&#8221;3\/4&#8243;][vc_column_text]Jacobi &amp; M\u00fcller e.K. Harz 2 06108 Halle Telefon: 0345 2909740 E-Mail: info@jacobiundmueller.de Web: https:\/\/jacobiundmueller.buchhandlung.de\/shop\/[\/vc_column_text][\/vc_column][\/vc_row][vc_row][vc_column width=&#8221;1\/4&#8243;][vc_single_image image=&#8221;258&#8243; img_size=&#8221;medium&#8221;][\/vc_column][vc_column width=&#8221;3\/4&#8243;][vc_column_text]Autorenheft No 58 \u00a0Zeit in St\u00fccken. \u00a05,00 Euro Ausz\u00fcge aus Theatertexten, 2012 48 Seiten A5 hoch. Durchstichbroschur[\/vc_column_text][\/vc_column][\/vc_row][vc_row][vc_column width=&#8221;1\/4&#8243;][vc_single_image image=&#8221;240&#8243; img_size=&#8221;medium&#8221;][\/vc_column][vc_column width=&#8221;3\/4&#8243;][vc_column_text]gleiche Zeit &#8211; anderes Land. \u00a010,00 euro zwei kindheiten 1960 &#8211; 1973 Parallelbiographie mit Ronald [&hellip;]","og_url":"https:\/\/www.hafenton.de\/?page_id=107","og_site_name":"Hafenton","article_modified_time":"2023-08-24T16:29:43+00:00","twitter_card":"summary_large_image","twitter_misc":{"Gesch\u00e4tzte Lesezeit":"2\u00a0Minuten"},"schema":{"@context":"https:\/\/schema.org","@graph":[{"@type":"WebPage","@id":"https:\/\/www.hafenton.de\/?page_id=107","url":"https:\/\/www.hafenton.de\/?page_id=107","name":"Produkte - Hafenton","isPartOf":{"@id":"https:\/\/www.hafenton.de\/#website"},"datePublished":"2020-12-03T18:22:26+00:00","dateModified":"2023-08-24T16:29:43+00:00","breadcrumb":{"@id":"https:\/\/www.hafenton.de\/?page_id=107#breadcrumb"},"inLanguage":"de","potentialAction":[{"@type":"ReadAction","target":["https:\/\/www.hafenton.de\/?page_id=107"]}]},{"@type":"BreadcrumbList","@id":"https:\/\/www.hafenton.de\/?page_id=107#breadcrumb","itemListElement":[{"@type":"ListItem","position":1,"name":"Startseite","item":"https:\/\/www.hafenton.de\/"},{"@type":"ListItem","position":2,"name":"Produkte"}]},{"@type":"WebSite","@id":"https:\/\/www.hafenton.de\/#website","url":"https:\/\/www.hafenton.de\/","name":"Hafenton","description":"","potentialAction":[{"@type":"SearchAction","target":{"@type":"EntryPoint","urlTemplate":"https:\/\/www.hafenton.de\/?s={search_term_string}"},"query-input":"required name=search_term_string"}],"inLanguage":"de"}]}},"_links":{"self":[{"href":"https:\/\/www.hafenton.de\/index.php?rest_route=\/wp\/v2\/pages\/107","targetHints":{"allow":["GET"]}}],"collection":[{"href":"https:\/\/www.hafenton.de\/index.php?rest_route=\/wp\/v2\/pages"}],"about":[{"href":"https:\/\/www.hafenton.de\/index.php?rest_route=\/wp\/v2\/types\/page"}],"author":[{"embeddable":true,"href":"https:\/\/www.hafenton.de\/index.php?rest_route=\/wp\/v2\/users\/1"}],"replies":[{"embeddable":true,"href":"https:\/\/www.hafenton.de\/index.php?rest_route=%2Fwp%2Fv2%2Fcomments&post=107"}],"version-history":[{"count":12,"href":"https:\/\/www.hafenton.de\/index.php?rest_route=\/wp\/v2\/pages\/107\/revisions"}],"predecessor-version":[{"id":262,"href":"https:\/\/www.hafenton.de\/index.php?rest_route=\/wp\/v2\/pages\/107\/revisions\/262"}],"wp:attachment":[{"href":"https:\/\/www.hafenton.de\/index.php?rest_route=%2Fwp%2Fv2%2Fmedia&parent=107"}],"curies":[{"name":"wp","href":"https:\/\/api.w.org\/{rel}","templated":true}]}}