{"id":15,"date":"2020-10-02T18:52:12","date_gmt":"2020-10-02T16:52:12","guid":{"rendered":"http:\/\/www.hafenton.de\/?page_id=15"},"modified":"2020-12-23T22:32:52","modified_gmt":"2020-12-23T21:32:52","slug":"impressum","status":"publish","type":"page","link":"https:\/\/www.hafenton.de\/?page_id=15","title":{"rendered":"Impressum"},"content":{"rendered":"<p>&nbsp;<\/p>\n<p>&nbsp;<\/p>\n<p>Hafenton<\/p>\n<p>Siegfried von der Heide<br \/>\nTriftstra\u00dfe 12<br \/>\n06114 Halle (Saale)<\/p>\n<p>Tel.: 0160 \/ 921 86 722<\/p>\n<p>Steuernummer: 110 \/ 229 \/ 42958<br \/>\nSteuer-ID: \u00a084 630 794 216<\/p>\n<p>&nbsp;<\/p>\n<p>Verweise auf Fotos:<\/p>\n<p>Hafenton: STARTSEITE<\/p>\n<p>Carsten Kirsch<\/p>\n<p>Bandphoto PorkPieTexture:<\/p>\n<p>Craig Stennett<\/p>\n<p><a href=\"https:\/\/www.craigstennett.com\/\">https:\/\/www.craigstennett.com<\/a><\/p>\n<p>Weiter Photos von Michael Seiffert, Rene Ruhland<\/p>\n<p>Mascha Kal\u00e9ko:<\/p>\n<p>Die Photos aus Leipzig von 2010:<\/p>\n<p>Archiv SvdH<\/p>\n<p>alle anderen: Carsten Kirsch<\/p>\n<p>Die Photos bei Text und B\u00fchne:<\/p>\n<p>Craig Stennett<\/p>\n<p><a href=\"https:\/\/www.craigstennett.com\/\">https:\/\/www.craigstennett.com<\/a><\/p>\n<p>&nbsp;<\/p>\n<p>DATENSCHUTZERKL\u00c4RUNG<\/p>\n<p>Geltungsbereich und Einwilligung<\/p>\n<p>Der in der Verantwortung stehende Anbieter dieser Website (im folgenden \u201eAngebot\u201d) kl\u00e4rt an dieser Stelle den Nutzer \u00fcber die Art, Umfang und Zweckbestimmung sowie die Benutzung personenbezogener Daten durch eben den Anbieter auf.<\/p>\n<p>Erkl\u00e4rung<\/p>\n<p>Wir sind stets darum bem\u00fcht, die Datenschutzerkl\u00e4rung aktuell zu halten. Jede \u00c4nderung der Bestimmungen wird auf dieser Website ver\u00f6ffentlicht. G\u00fcltigkeit hat die zum Zeitpunkt der Nutzung online abrufbare Version.<\/p>\n<p>Zugriffsdaten\/Server Logfiles<\/p>\n<p>Der Anbieter, bzw. sein Webspace Provider, erhebt \u00fcber jeden Zugriff auf das Angebot, dessen Anwendungen, Services, Tools oder der Interaktion mit Inhalten automatisiert Daten!<\/p>\n<p>(Serverlogfiles) Hierzu geh\u00f6ren im Einzelnen: Name abgerufene Webseite; Datei; genauer Zeitpunkt des Abrufs; \u00fcbertragenes Datenvolumen; Meldung \u00fcber erfolgreichen Abruf; Browsertyp inkl. Version; Betriebssystem des Nutzers; Referrer URL (die zuvor besuchte Seite); IP Adresse und anfragende Provider.<\/p>\n<p>Ausschlie\u00dflich f\u00fcr statistische Auswertungen zum Zweck des Betriebs, der Sicherheit und der Optimierung des Angebots werden durch den Anbieter Protokolldaten erhoben sowie verwendet. Es wird sich jedoch seitens des Anbieters vorbehalten, nachtr\u00e4glich Protokolldaten zu \u00fcberpr\u00fcfen. Hierbei m\u00fcssen zwingend konkrete Anhaltspunkte vorliegen, aus denen sich ein berechtigter Verdacht etwaiger rechtswidriger Nutzung unseres Angebots ergibt.<\/p>\n<p>F\u00fcr die Aufbewahrungsdauer der Protokolle halten wir uns an die allgemeinen L\u00f6schungsregeln der Datenschutzgesetze. Die L\u00f6schung von Protokolldaten wird unsererseits erfolgen, wenn die Zweckhaftigkeit des Vorhaltens von Protokolldaten verlustig geht. Ist der Grund f\u00fcr die Aufbewahrung nicht mehr zwingend, wird umgehend gel\u00f6scht.<\/p>\n<p>Umgang mit Personenbezogenen Daten\/Einverst\u00e4ndniserkl\u00e4rung des Nutzers<\/p>\n<p>Es ergibt sich ein zwingender Personenbezug bei Daten, die im Rahmen des Datenschutzes betrachtet werden. Personenbezogene Daten sind Informationen, mit deren Hilfe eine nat\u00fcrliche Person eindeutig bestimmt oder bestimmbar ist. Gemeint sind also Angaben \u00fcber pers\u00f6nliche oder sachliche Verh\u00e4ltnisse, die unmittelbar R\u00fcckschl\u00fcsse auf eine Person erlauben. Solche Daten werden seitens des Anbieters nur dann erhoben, genutzt und weiter gegeben, wenn dieses gesetzeskonform ist und\/oder die Nutzer in die Datenerhebung, Nutzung und Weitergabe ausdr\u00fccklich einwilligen.<\/p>\n<p>Sicherheit\/Speicherung von Daten<\/p>\n<p>Wir haben technische und organisatorische Sicherheitsma\u00dfnahmen (Firewalls, Datenverschl\u00fcsselungen, physische Zugangsbeschr\u00e4nkungen f\u00fcr die Rechenzentren u.a.) zur Risikominimierung getroffen, insbesondere um Ihre personenbezogenen Daten vor Verlust, Zerst\u00f6rung, vors\u00e4tzliche oder zuf\u00e4llige Manipulation und unautorisiertem Zugriff zu sch\u00fctzen. Dazu werden unsererseits technische wie organisatorische Ma\u00dfnahmen, unter kontinuierlicher Anpassung an den technologischen Stand gebraucht. Dennoch ergeht an dieser Stelle der Verweis, dass bei einer elektronischen Kommunikation vollends keine Sicherheit garantiert werden kann. F\u00fcr den Fall der fehlerhaften Daten\u00fcbertragung bzw. auch unberechtigtem Zugriff durch etwaige Dritte kann seitens des Anbieters weder Verantwortung noch Haftung \u00fcbernommen werden. Die Datenspeicherung und ihre Verarbeitung geschieht ausnahmslos auf Servern in Deutschland.<\/p>\n<p>Kontaktaufnahme<\/p>\n<p>Im Falle einer Kontaktaufnahme mit dem Anbieter (Kontaktformular oder E-Mail u.a.) werden die Nutzerangaben zum Zwecke der Anfragenbearbeitung von uns gespeichert. Gleiches gilt f\u00fcr Anschlussfragen.<\/p>\n<p>Einbindung von Diensten und Inhalten Dritter<\/p>\n<p>Wir weisen an dieser Stelle darauf hin, dass innerhalb dieses Onlineangebotes Inhalte Dritter (u.a. Videos von YouTube, Kartenmaterial von Google Maps, RSS Feeds oder Grafiken von anderen Webseiten) implementiert sein k\u00f6nnen. Voraussetzung f\u00fcr die Nutzung der Dienste ist, dass die Anbieter dieser Inhalte (folgend als \u201eDritt Anbieter\u201c) die IP Adresse der Nutzer erhalten. Grund hierf\u00fcr ist, dass ohne die IP Adresse Inhalte nicht an den Browser des jeweiligen Nutzers gesendet werden k\u00f6nnen und eine Darstellung des Inhalts folglich nicht umzusetzen w\u00e4re. Unsererseits besteht kein Einfluss darauf, ob und in wie fern die Dritt Anbieter die IP Adresse speichern. Sollten wir diesbez\u00fcglich in Kenntnis gesetzt sein, werden die Nutzerunterrichtet.<\/p>\n<p>Weitergabe an Dritte<\/p>\n<p>Es erfolgt kein Verkauf von Nutzerdaten. Auch in sonstiger Weise werden Nutzerdaten Dritten nicht zur Verf\u00fcgung gestellt, d.h. die erhobenen Daten verwenden wir ausschlie\u00dflich zum internen Gebrauch f\u00fcr den jeweils genannten Zweck. Was die Weitergabe an auskunftsberechtigte staatliche Stellen, Beh\u00f6rden oder Gerichte betrifft, wird zwingend vorausgesetzt, dass wir gesetzlich oder per Gerichtsbeschluss zur Weitergabe angehalten sind oder angehalten werden. Unsere Mitarbeiter sind von uns zur Verschwiegenheit und zur Einhaltung der Bestimmungen des Bundesdatenschutzgesetzes verpflichtet.<\/p>\n<p>Cookies<\/p>\n<p>Als Cookies werden kleine Dateien bezeichnet, die es erm\u00f6glichen, auf dem Zugriffsger\u00e4t der Nutzer ger\u00e4tespezifische Informationen zu speichern. Dies ist der Benutzerfreundlichkeit von Webseiten f\u00f6rderlich und dient damit auch den Nutzern (z.B. Speicherung von Login Daten). Des Weiteren werden durch Cookies statistische Daten der Webseitennutzung erfasst, welche in Hinsicht auf die Optimierung des Angebotes analysiert werden k\u00f6nnen. Der Nutzer kann in den meisten F\u00e4llen \u00fcber seinen Browser das Speichern von Cookies einschr\u00e4nken oder komplett verhindern, was allerdings insbesondere den Nutzungskomfort des Internetangebots einschr\u00e4nken kann.<\/p>\n<p>Google Analytics<\/p>\n<p>Das Angebot verwendet Google Analytics, einen Webanalysedienst der Google Inc. (\u201eGoogle\u201c Google Analytics verwendet sog. \u201eCookies\u201c. Als Cookies werden kleine Dateien bezeichnet, die es erm\u00f6glichen, auf dem Zugriffsger\u00e4t der Nutzer (PC, Smartphone u.a.) ger\u00e4tespezifische Informationen zu speichern. Dies ist der Benutzerfreundlichkeit von Webseiten f\u00f6rderlich und dient damit auch den Nutzern (z.B. Speicherung von Logindaten). Des Weiteren werden durch Cookies statistische Daten der Webseitennutzung erfasst, welche in Hinsicht auf die Optimierung des Angebotes analysiert werden k\u00f6nnen. In der Regel werden die durch den Cookie erzeugten Informationen an einen Server von Google in den USA \u00fcbertragen und dort gespeichert. Die IP Anonymisierung ist auf unserem Angebot aktiv, was bedeutet, dass nur in Sonderf\u00e4llen die vollst\u00e4ndige IP Adresse an einen Server von Google in den USA gelangt und dort gek\u00fcrzt wird.<\/p>\n<p>Der Diensteanbieter dieser Website erm\u00e4chtigt Google, die eingeholten Informationen zu gebrauchen, um das spezifische Nutzverhalten der Website durch die Nutzer festzustellen, um Berichte \u00fcber die Websiteaktivit\u00e4ten zu erstellen und um weitere mit der Websitenutzung und der Internetnutzung in Verbindung stehende Dienstleistungen gegen\u00fcber dem Diensteanbieter dieses Internetangebots zu erbringen.<\/p>\n<p>Der Nutzer kann in den meisten F\u00e4llen \u00fcber seinen Browser durch entsprechende Einstellungen das Speichern von Cookies einschr\u00e4nken oder komplett verhindern, was allerdings insbesondere den Nutzungskomfort des Internetangebots einschr\u00e4nken kann und\/ oder nicht alle Funktionen dieser Website vollumf\u00e4nglich genutzt werden k\u00f6nnen.<\/p>\n<p>Es wird dem Nutzer erm\u00f6glicht, die Erfassung der durch das Cookie erzeugten und auf ihre Nutzung der Website bezogenen Daten an Google zu untersagen, ebenso die Verarbeitung dieser Daten durch Google zu verhindern. Hierzu muss der Nutzer das unter dem folgenden Link verf\u00fcgbare Browser Plugin herunterladen und installieren:<\/p>\n<figure class=\"wp-block-embed\">\n<div class=\"wp-block-embed__wrapper\">https:\/\/tools.google.com\/dlpage\/gaoptout?hl=de.<\/div>\n<\/figure>\n<p>Alternativ zum Browser Add On oder innerhalb von Browsern auf portablen Ger\u00e4ten, nutzen Sie bitte obenstehenden Link, um die Erfassung durch Google Analytics im Rahmen dieser Websitenutzung zuk\u00fcnftig zu untersagen. Es wird ein Opt Out Cookie auf Ihrem Ger\u00e4t abgelegt. Sollten Sie ihre Cookies l\u00f6schen, m\u00fcssen Sie oben genanntes Prozedere wiederholen, da mit der L\u00f6schung des Cookies die Einschr\u00e4nkung aufgehoben wurde.<\/p>\n<p>Google Web Fonts<\/p>\n<p>Auf dieser Website sind Google Web Fonts implementiert. Mittels dieser wird die Darstellung von Schriften erm\u00f6glicht. Durch den Einsatz von Google Web Fonts wird beim Nutzen dieses Angebots ein externer Server von Google in den USA aufgerufen, d.h. Google ist theoretisch \u00fcber die Angebotsnutzung in Kenntnis gesetzt. Weitere datenschutzrechtliche Hinweise sind den Seiten des Anbieters \u201eGoogle\u201c zu entnehmen.<\/p>\n<p>Datenschutzerkl\u00e4rung f\u00fcr die Verwendung von Google Maps<\/p>\n<p>Auf dieser Website wird zwecks Darstellung von Karten sowie der Erstellung von Wegerouten Google Maps verwendet, welcher von Google Inc., 1600 Amphitheatre Parkway, Mountain View, CA 94043, USA. betrieben wird.<\/p>\n<p>Der Nutzer erkl\u00e4rt sich durch die Nutzung des Angebots mit der Bearbeitung der \u00fcber ihn erhobenen Daten durch Google, seiner Vertreter, oder Drittanbieter einverstanden. Die Nutzungsbedingungen sind den Seiten des Anbieters zu entnehmen.<\/p>\n","protected":false},"excerpt":{"rendered":"<p>&nbsp; &nbsp; Hafenton Siegfried von der Heide Triftstra\u00dfe 12 06114 Halle (Saale) Tel.: 0160 \/ 921 86 722 Steuernummer: 110 \/ 229 \/ 42958 Steuer-ID: \u00a084 630 794 216 &nbsp; Verweise auf Fotos: Hafenton: STARTSEITE Carsten Kirsch Bandphoto PorkPieTexture: Craig Stennett https:\/\/www.craigstennett.com Weiter Photos von Michael Seiffert, Rene Ruhland Mascha Kal\u00e9ko: Die Photos aus Leipzig [&hellip;]<\/p>\n","protected":false},"author":1,"featured_media":0,"parent":0,"menu_order":0,"comment_status":"closed","ping_status":"closed","template":"","meta":{"footnotes":""},"class_list":["post-15","page","type-page","status-publish","hentry"],"yoast_head":"<!-- This site is optimized with the Yoast SEO plugin v20.7 - https:\/\/yoast.com\/wordpress\/plugins\/seo\/ -->\n<title>Impressum - Hafenton<\/title>\n<meta name=\"robots\" content=\"index, follow, max-snippet:-1, max-image-preview:large, max-video-preview:-1\" \/>\n<link rel=\"canonical\" href=\"https:\/\/www.hafenton.de\/?page_id=15\" \/>\n<meta property=\"og:locale\" content=\"de_DE\" \/>\n<meta property=\"og:type\" content=\"article\" \/>\n<meta property=\"og:title\" content=\"Impressum - Hafenton\" \/>\n<meta property=\"og:description\" content=\"&nbsp; &nbsp; Hafenton Siegfried von der Heide Triftstra\u00dfe 12 06114 Halle (Saale) Tel.: 0160 \/ 921 86 722 Steuernummer: 110 \/ 229 \/ 42958 Steuer-ID: \u00a084 630 794 216 &nbsp; Verweise auf Fotos: Hafenton: STARTSEITE Carsten Kirsch Bandphoto PorkPieTexture: Craig Stennett https:\/\/www.craigstennett.com Weiter Photos von Michael Seiffert, Rene Ruhland Mascha Kal\u00e9ko: Die Photos aus Leipzig [&hellip;]\" \/>\n<meta property=\"og:url\" content=\"https:\/\/www.hafenton.de\/?page_id=15\" \/>\n<meta property=\"og:site_name\" content=\"Hafenton\" \/>\n<meta property=\"article:modified_time\" content=\"2020-12-23T21:32:52+00:00\" \/>\n<meta name=\"twitter:card\" content=\"summary_large_image\" \/>\n<meta name=\"twitter:label1\" content=\"Gesch\u00e4tzte Lesezeit\" \/>\n\t<meta name=\"twitter:data1\" content=\"7\u00a0Minuten\" \/>\n<script type=\"application\/ld+json\" class=\"yoast-schema-graph\">{\"@context\":\"https:\/\/schema.org\",\"@graph\":[{\"@type\":\"WebPage\",\"@id\":\"https:\/\/www.hafenton.de\/?page_id=15\",\"url\":\"https:\/\/www.hafenton.de\/?page_id=15\",\"name\":\"Impressum - Hafenton\",\"isPartOf\":{\"@id\":\"https:\/\/www.hafenton.de\/#website\"},\"datePublished\":\"2020-10-02T16:52:12+00:00\",\"dateModified\":\"2020-12-23T21:32:52+00:00\",\"breadcrumb\":{\"@id\":\"https:\/\/www.hafenton.de\/?page_id=15#breadcrumb\"},\"inLanguage\":\"de\",\"potentialAction\":[{\"@type\":\"ReadAction\",\"target\":[\"https:\/\/www.hafenton.de\/?page_id=15\"]}]},{\"@type\":\"BreadcrumbList\",\"@id\":\"https:\/\/www.hafenton.de\/?page_id=15#breadcrumb\",\"itemListElement\":[{\"@type\":\"ListItem\",\"position\":1,\"name\":\"Startseite\",\"item\":\"https:\/\/www.hafenton.de\/\"},{\"@type\":\"ListItem\",\"position\":2,\"name\":\"Impressum\"}]},{\"@type\":\"WebSite\",\"@id\":\"https:\/\/www.hafenton.de\/#website\",\"url\":\"https:\/\/www.hafenton.de\/\",\"name\":\"Hafenton\",\"description\":\"\",\"potentialAction\":[{\"@type\":\"SearchAction\",\"target\":{\"@type\":\"EntryPoint\",\"urlTemplate\":\"https:\/\/www.hafenton.de\/?s={search_term_string}\"},\"query-input\":\"required name=search_term_string\"}],\"inLanguage\":\"de\"}]}<\/script>\n<!-- \/ Yoast SEO plugin. -->","yoast_head_json":{"title":"Impressum - Hafenton","robots":{"index":"index","follow":"follow","max-snippet":"max-snippet:-1","max-image-preview":"max-image-preview:large","max-video-preview":"max-video-preview:-1"},"canonical":"https:\/\/www.hafenton.de\/?page_id=15","og_locale":"de_DE","og_type":"article","og_title":"Impressum - Hafenton","og_description":"&nbsp; &nbsp; Hafenton Siegfried von der Heide Triftstra\u00dfe 12 06114 Halle (Saale) Tel.: 0160 \/ 921 86 722 Steuernummer: 110 \/ 229 \/ 42958 Steuer-ID: \u00a084 630 794 216 &nbsp; Verweise auf Fotos: Hafenton: STARTSEITE Carsten Kirsch Bandphoto PorkPieTexture: Craig Stennett https:\/\/www.craigstennett.com Weiter Photos von Michael Seiffert, Rene Ruhland Mascha Kal\u00e9ko: Die Photos aus Leipzig [&hellip;]","og_url":"https:\/\/www.hafenton.de\/?page_id=15","og_site_name":"Hafenton","article_modified_time":"2020-12-23T21:32:52+00:00","twitter_card":"summary_large_image","twitter_misc":{"Gesch\u00e4tzte Lesezeit":"7\u00a0Minuten"},"schema":{"@context":"https:\/\/schema.org","@graph":[{"@type":"WebPage","@id":"https:\/\/www.hafenton.de\/?page_id=15","url":"https:\/\/www.hafenton.de\/?page_id=15","name":"Impressum - Hafenton","isPartOf":{"@id":"https:\/\/www.hafenton.de\/#website"},"datePublished":"2020-10-02T16:52:12+00:00","dateModified":"2020-12-23T21:32:52+00:00","breadcrumb":{"@id":"https:\/\/www.hafenton.de\/?page_id=15#breadcrumb"},"inLanguage":"de","potentialAction":[{"@type":"ReadAction","target":["https:\/\/www.hafenton.de\/?page_id=15"]}]},{"@type":"BreadcrumbList","@id":"https:\/\/www.hafenton.de\/?page_id=15#breadcrumb","itemListElement":[{"@type":"ListItem","position":1,"name":"Startseite","item":"https:\/\/www.hafenton.de\/"},{"@type":"ListItem","position":2,"name":"Impressum"}]},{"@type":"WebSite","@id":"https:\/\/www.hafenton.de\/#website","url":"https:\/\/www.hafenton.de\/","name":"Hafenton","description":"","potentialAction":[{"@type":"SearchAction","target":{"@type":"EntryPoint","urlTemplate":"https:\/\/www.hafenton.de\/?s={search_term_string}"},"query-input":"required name=search_term_string"}],"inLanguage":"de"}]}},"_links":{"self":[{"href":"https:\/\/www.hafenton.de\/index.php?rest_route=\/wp\/v2\/pages\/15","targetHints":{"allow":["GET"]}}],"collection":[{"href":"https:\/\/www.hafenton.de\/index.php?rest_route=\/wp\/v2\/pages"}],"about":[{"href":"https:\/\/www.hafenton.de\/index.php?rest_route=\/wp\/v2\/types\/page"}],"author":[{"embeddable":true,"href":"https:\/\/www.hafenton.de\/index.php?rest_route=\/wp\/v2\/users\/1"}],"replies":[{"embeddable":true,"href":"https:\/\/www.hafenton.de\/index.php?rest_route=%2Fwp%2Fv2%2Fcomments&post=15"}],"version-history":[{"count":4,"href":"https:\/\/www.hafenton.de\/index.php?rest_route=\/wp\/v2\/pages\/15\/revisions"}],"predecessor-version":[{"id":156,"href":"https:\/\/www.hafenton.de\/index.php?rest_route=\/wp\/v2\/pages\/15\/revisions\/156"}],"wp:attachment":[{"href":"https:\/\/www.hafenton.de\/index.php?rest_route=%2Fwp%2Fv2%2Fmedia&parent=15"}],"curies":[{"name":"wp","href":"https:\/\/api.w.org\/{rel}","templated":true}]}}