{"id":7,"date":"2020-10-02T18:38:35","date_gmt":"2020-10-02T16:38:35","guid":{"rendered":"http:\/\/www.hafenton.de\/?page_id=7"},"modified":"2024-07-09T18:14:51","modified_gmt":"2024-07-09T16:14:51","slug":"hafenton","status":"publish","type":"page","link":"https:\/\/www.hafenton.de\/","title":{"rendered":"Hafenton"},"content":{"rendered":"<p>[vc_row][vc_column width=&#8221;1\/3&#8243;][vc_gallery type=&#8221;flexslider_slide&#8221; interval=&#8221;5&#8243; images=&#8221;88,87&#8243; img_size=&#8221;full&#8221; css_animation=&#8221;fadeIn&#8221;][\/vc_column][vc_column width=&#8221;2\/3&#8243;][vc_column_text]<\/p>\n<p class=\"p1\">Guten Tag und herzlich willkommen bei <span class=\"s1\">h<\/span><span class=\"s1\">afenton.d<\/span><span class=\"s1\">e<\/span> !<\/p>\n<p class=\"p1\">Mein Name ist Siegfried von der Heide, und ich betreibe <span class=\"s1\">hafenton.<\/span><span class=\"s1\">d<\/span><span class=\"s1\">e<\/span> seit 2005. Es ist der \u00dcberbegriff f\u00fcr die vier Standbeine, die ein freischaffender K\u00fcnstler einfach braucht, um von dem zu leben, was er am liebsten tut und am besten kann.<\/p>\n<p class=\"p1\">Von 1998 bis 2005 leitete ich als vereinsvorsitzender Gesch\u00e4ftsf\u00fchrer den JUM e.V.. Dazu geh\u00f6rten 25 Prober\u00e4ume f\u00fcr Bands in der Hafenstra\u00dfe 31-33 in Halle (Saale),<span class=\"Apple-converted-space\">\u00a0<\/span>das Rockmobil, ein mobiles Angebot der kulturellen Jugendarbeit,<span class=\"Apple-converted-space\">\u00a0<\/span>die Rockstation als Club und der Blaue Karton als B\u00fchne f\u00fcr Kleinkunst,<span class=\"Apple-converted-space\">\u00a0<\/span>zudem das Tonstudio JuMust.<span class=\"Apple-converted-space\">\u00a0<\/span><\/p>\n<p class=\"p1\">Seit 2006 bin ich freischaffender Musiker und Autor, dutzende Liedtexte f\u00fcr Schauspiel<span class=\"Apple-converted-space\">\u00a0<\/span>und Kabarett, eine ganze Reihe von B\u00fchnentexten, drei CD-Produktionen mit eigenem<span class=\"Apple-converted-space\">\u00a0<\/span>und fremdem Songmaterial sind seitdem entstanden. Dazu kommen seit 2012 meine Unterrichtst\u00e4tigkeit als Gesangs &#8211; und Gitarrenlehrer und seit 2016 mehrere B\u00fccher.<\/p>\n<p class=\"p1\">Die einzelnen Rubriken von <span class=\"s1\">hafenton.de<\/span> geben einen \u00dcberblick zu meinen aktuellenProjekten, Programmen, B\u00fcchern\u2026<\/p>\n<p>[\/vc_column_text][\/vc_column][\/vc_row][vc_section parallax=&#8221;content-moving-fade&#8221;][vc_row][vc_column width=&#8221;1\/3&#8243;][vc_column_text]<a href=\"https:\/\/porkpietexture.hafenton.de\/\">Pork Pie Texture<\/a>[\/vc_column_text][vc_single_image image=&#8221;23&#8243; onclick=&#8221;custom_link&#8221; link=&#8221;https:\/\/porkpietexture.hafenton.de\/&#8221;][\/vc_column][vc_column width=&#8221;1\/3&#8243;][vc_column_text]<a href=\"https:\/\/textebuchundb\u00fchne.hafenton.de\/\">Text und B\u00fchne<\/a>[\/vc_column_text][vc_single_image image=&#8221;83&#8243; onclick=&#8221;custom_link&#8221; link=&#8221;https:\/\/xn--textebuchundbhne-vzb.hafenton.de\/&#8221;][\/vc_column][\/vc_row][\/vc_section][vc_row][vc_column][vc_text_separator title=&#8221;Auftritte \/ Konzerte \/ Lesungen &amp;B\u00fchne&#8221; color=&#8221;green&#8221;][\/vc_column][\/vc_row][vc_row][vc_column]<div class=\"masonry masonry-list events-list clearfix clearfix\"><article class=\"masonry-item post-266 noisa_events type-noisa_events status-publish hentry noisa_events_cats-archiv\"><a href=\"https:\/\/www.hafenton.de\/?noisa_events=jazz-lyrik-trotha-volksbuehne-am-kaulenberg-in-halle-um-19-30-uhr\" class=\"event-li\"><span class=\"date\">22.11.2023<\/span><span class=\"venue\"><\/span><span class=\"title\">\u201eJazz, Lyrik, Trotha\u201c Volksb\u00fchne am Kaulenberg in Halle um 19:30 Uhr<\/span><\/a><\/article><article class=\"masonry-item post-268 noisa_events type-noisa_events status-publish hentry noisa_events_cats-aktuell\"><a href=\"https:\/\/www.hafenton.de\/?noisa_events=jazz-lyrik-trotha-volksbuehne-am-kaulenberg-in-halle-um-19-30-uhr-2\" class=\"event-li\"><span class=\"date\">21.02.2024<\/span><span class=\"venue\"><\/span><span class=\"title\">\u201eJazz, Lyrik, Trotha\u201c Volksb\u00fchne am Kaulenberg in Halle um 19:30 Uhr<\/span><\/a><\/article><article class=\"masonry-item post-269 noisa_events type-noisa_events status-publish hentry\"><a href=\"https:\/\/www.hafenton.de\/?noisa_events=jazz-lyrik-trotha-volksbuehne-am-kaulenberg-in-halle-um-19-30-uhr-3\" class=\"event-li\"><span class=\"date\">29.05.2024<\/span><span class=\"venue\"><\/span><span class=\"title\">\u201eJazz, Lyrik, Trotha\u201c Volksb\u00fchne am Kaulenberg in Halle um 19:30 Uhr<\/span><\/a><\/article><article class=\"masonry-item post-288 noisa_events type-noisa_events status-publish hentry\"><a href=\"https:\/\/www.hafenton.de\/?noisa_events=beswingt-trifft-mach-werk-magdeburg-um-2000-uhr\" class=\"event-li\"><span class=\"date\">17.08.2024<\/span><span class=\"venue\"><\/span><span class=\"title\">&#8220;beswingt trifft&#8230;&#8221; #musikindercity im mach\/werk Magdeburg um 20:00 Uhr<\/span><\/a><\/article><article class=\"masonry-item post-294 noisa_events type-noisa_events status-publish hentry\"><a href=\"https:\/\/www.hafenton.de\/?noisa_events=musikalische-lesung-mit-christian-kreis-auf-dem-musikfest-salzwedel-um-2000-uhr\" class=\"event-li\"><span class=\"date\">22.08.2024<\/span><span class=\"venue\"><\/span><span class=\"title\">musikalische Lesung mit Christian Kreis auf dem Musikfest Salzwedel um 20:00 Uhr<\/span><\/a><\/article><article class=\"masonry-item post-295 noisa_events type-noisa_events status-publish hentry\"><a href=\"https:\/\/www.hafenton.de\/?noisa_events=jazz-lyrik-trotha-volksbuehne-am-kaulenberg-in-halle-um-19-30-uhr-4\" class=\"event-li\"><span class=\"date\">04.09.2024<\/span><span class=\"venue\"><\/span><span class=\"title\">\u201eJazz, Lyrik, Trotha\u201c Volksb\u00fchne am Kaulenberg in Halle um 19.30 Uhr<\/span><\/a><\/article><article class=\"masonry-item post-296 noisa_events type-noisa_events status-publish hentry\"><a href=\"https:\/\/www.hafenton.de\/?noisa_events=deutsche-stiftung-organspende-in-der-haendelhalle-halle-um-1300-uhr\" class=\"event-li\"><span class=\"date\">14.09.2024<\/span><span class=\"venue\"><\/span><span class=\"title\">Deutsche Stiftung Organspende in der H\u00e4ndelhalle, Halle um 13:00 Uhr<\/span><\/a><\/article><article class=\"masonry-item post-297 noisa_events type-noisa_events status-publish hentry\"><a href=\"https:\/\/www.hafenton.de\/?noisa_events=konzert-porkpie-texture-volksbuehne-am-kaulenberg-halle-um-1930-uhr\" class=\"event-li\"><span class=\"date\">21.09.2024<\/span><span class=\"venue\"><\/span><span class=\"title\">Konzert PorkPie Texture Volksb\u00fchne am Kaulenberg, Halle um 19:30 Uhr<\/span><\/a><\/article><article class=\"masonry-item post-298 noisa_events type-noisa_events status-publish hentry\"><a href=\"https:\/\/www.hafenton.de\/?noisa_events=niemeyer-lesen-teil-eins-mit-ronald-w-gruner-im-stadtarchiv-halle-um-1800-uhr\" class=\"event-li\"><span class=\"date\">23.11.2024<\/span><span class=\"venue\"><\/span><span class=\"title\">\u201eNiemeyer lesen&#8221;, Teil eins,  mit Ronald W. Gruner im Stadtarchiv Halle um 18:00 Uhr<\/span><\/a><\/article><article class=\"masonry-item post-299 noisa_events type-noisa_events status-publish hentry\"><a href=\"https:\/\/www.hafenton.de\/?noisa_events=jazz-lyrik-trotha-volksbuehne-am-kaulenberg-in-halle-um-1930-uhr\" class=\"event-li\"><span class=\"date\">27.11.2024<\/span><span class=\"venue\"><\/span><span class=\"title\">\u201eJazz, Lyrik, Trotha\u201c Volksb\u00fchne am Kaulenberg in Halle um 19:30 Uhr<\/span><\/a><\/article><article class=\"masonry-item post-300 noisa_events type-noisa_events status-publish hentry\"><a href=\"https:\/\/www.hafenton.de\/?noisa_events=niemeyer-lesen-teil-zwei-mit-ronald-w-gruner-im-stadtarchiv-halle-um-1800-uhr\" class=\"event-li\"><span class=\"date\">10.12.2024<\/span><span class=\"venue\"><\/span><span class=\"title\">\u201eNiemeyer lesen&#8221;, Teil zwei, mit Ronald W. Gruner im Stadtarchiv Halle um 18:00 Uhr<\/span><\/a><\/article><\/div><div class=\"clear\"><\/div>[\/vc_column][\/vc_row]<\/p>\n","protected":false},"excerpt":{"rendered":"<p>[vc_row][vc_column width=&#8221;1\/3&#8243;][vc_gallery type=&#8221;flexslider_slide&#8221; interval=&#8221;5&#8243; images=&#8221;88,87&#8243; img_size=&#8221;full&#8221; css_animation=&#8221;fadeIn&#8221;][\/vc_column][vc_column width=&#8221;2\/3&#8243;][vc_column_text] Guten Tag und herzlich willkommen bei hafenton.de ! Mein Name ist Siegfried von der Heide, und ich betreibe hafenton.de seit 2005. Es ist der \u00dcberbegriff f\u00fcr die vier Standbeine, die ein freischaffender K\u00fcnstler einfach braucht, um von dem zu leben, was er am liebsten tut und am [&hellip;]<\/p>\n","protected":false},"author":1,"featured_media":0,"parent":0,"menu_order":0,"comment_status":"closed","ping_status":"closed","template":"","meta":{"footnotes":""},"class_list":["post-7","page","type-page","status-publish","hentry"],"yoast_head":"<!-- This site is optimized with the Yoast SEO plugin v20.7 - https:\/\/yoast.com\/wordpress\/plugins\/seo\/ -->\n<title>Hafenton - Hafenton<\/title>\n<meta name=\"robots\" content=\"index, follow, max-snippet:-1, max-image-preview:large, max-video-preview:-1\" \/>\n<link rel=\"canonical\" href=\"https:\/\/www.hafenton.de\/\" \/>\n<meta property=\"og:locale\" content=\"de_DE\" \/>\n<meta property=\"og:type\" content=\"article\" \/>\n<meta property=\"og:title\" content=\"Hafenton - Hafenton\" \/>\n<meta property=\"og:description\" content=\"[vc_row][vc_column width=&#8221;1\/3&#8243;][vc_gallery type=&#8221;flexslider_slide&#8221; interval=&#8221;5&#8243; images=&#8221;88,87&#8243; img_size=&#8221;full&#8221; css_animation=&#8221;fadeIn&#8221;][\/vc_column][vc_column width=&#8221;2\/3&#8243;][vc_column_text] Guten Tag und herzlich willkommen bei hafenton.de ! Mein Name ist Siegfried von der Heide, und ich betreibe hafenton.de seit 2005. Es ist der \u00dcberbegriff f\u00fcr die vier Standbeine, die ein freischaffender K\u00fcnstler einfach braucht, um von dem zu leben, was er am liebsten tut und am [&hellip;]\" \/>\n<meta property=\"og:url\" content=\"https:\/\/www.hafenton.de\/\" \/>\n<meta property=\"og:site_name\" content=\"Hafenton\" \/>\n<meta property=\"article:modified_time\" content=\"2024-07-09T16:14:51+00:00\" \/>\n<meta name=\"twitter:card\" content=\"summary_large_image\" \/>\n<meta name=\"twitter:label1\" content=\"Gesch\u00e4tzte Lesezeit\" \/>\n\t<meta name=\"twitter:data1\" content=\"2\u00a0Minuten\" \/>\n<script type=\"application\/ld+json\" class=\"yoast-schema-graph\">{\"@context\":\"https:\/\/schema.org\",\"@graph\":[{\"@type\":\"WebPage\",\"@id\":\"https:\/\/www.hafenton.de\/\",\"url\":\"https:\/\/www.hafenton.de\/\",\"name\":\"Hafenton - Hafenton\",\"isPartOf\":{\"@id\":\"https:\/\/www.hafenton.de\/#website\"},\"datePublished\":\"2020-10-02T16:38:35+00:00\",\"dateModified\":\"2024-07-09T16:14:51+00:00\",\"breadcrumb\":{\"@id\":\"https:\/\/www.hafenton.de\/#breadcrumb\"},\"inLanguage\":\"de\",\"potentialAction\":[{\"@type\":\"ReadAction\",\"target\":[\"https:\/\/www.hafenton.de\/\"]}]},{\"@type\":\"BreadcrumbList\",\"@id\":\"https:\/\/www.hafenton.de\/#breadcrumb\",\"itemListElement\":[{\"@type\":\"ListItem\",\"position\":1,\"name\":\"Startseite\",\"item\":\"https:\/\/www.hafenton.de\/\"},{\"@type\":\"ListItem\",\"position\":2,\"name\":\"Hafenton\"}]},{\"@type\":\"WebSite\",\"@id\":\"https:\/\/www.hafenton.de\/#website\",\"url\":\"https:\/\/www.hafenton.de\/\",\"name\":\"Hafenton\",\"description\":\"\",\"potentialAction\":[{\"@type\":\"SearchAction\",\"target\":{\"@type\":\"EntryPoint\",\"urlTemplate\":\"https:\/\/www.hafenton.de\/?s={search_term_string}\"},\"query-input\":\"required name=search_term_string\"}],\"inLanguage\":\"de\"}]}<\/script>\n<!-- \/ Yoast SEO plugin. -->","yoast_head_json":{"title":"Hafenton - Hafenton","robots":{"index":"index","follow":"follow","max-snippet":"max-snippet:-1","max-image-preview":"max-image-preview:large","max-video-preview":"max-video-preview:-1"},"canonical":"https:\/\/www.hafenton.de\/","og_locale":"de_DE","og_type":"article","og_title":"Hafenton - Hafenton","og_description":"[vc_row][vc_column width=&#8221;1\/3&#8243;][vc_gallery type=&#8221;flexslider_slide&#8221; interval=&#8221;5&#8243; images=&#8221;88,87&#8243; img_size=&#8221;full&#8221; css_animation=&#8221;fadeIn&#8221;][\/vc_column][vc_column width=&#8221;2\/3&#8243;][vc_column_text] Guten Tag und herzlich willkommen bei hafenton.de ! Mein Name ist Siegfried von der Heide, und ich betreibe hafenton.de seit 2005. Es ist der \u00dcberbegriff f\u00fcr die vier Standbeine, die ein freischaffender K\u00fcnstler einfach braucht, um von dem zu leben, was er am liebsten tut und am [&hellip;]","og_url":"https:\/\/www.hafenton.de\/","og_site_name":"Hafenton","article_modified_time":"2024-07-09T16:14:51+00:00","twitter_card":"summary_large_image","twitter_misc":{"Gesch\u00e4tzte Lesezeit":"2\u00a0Minuten"},"schema":{"@context":"https:\/\/schema.org","@graph":[{"@type":"WebPage","@id":"https:\/\/www.hafenton.de\/","url":"https:\/\/www.hafenton.de\/","name":"Hafenton - Hafenton","isPartOf":{"@id":"https:\/\/www.hafenton.de\/#website"},"datePublished":"2020-10-02T16:38:35+00:00","dateModified":"2024-07-09T16:14:51+00:00","breadcrumb":{"@id":"https:\/\/www.hafenton.de\/#breadcrumb"},"inLanguage":"de","potentialAction":[{"@type":"ReadAction","target":["https:\/\/www.hafenton.de\/"]}]},{"@type":"BreadcrumbList","@id":"https:\/\/www.hafenton.de\/#breadcrumb","itemListElement":[{"@type":"ListItem","position":1,"name":"Startseite","item":"https:\/\/www.hafenton.de\/"},{"@type":"ListItem","position":2,"name":"Hafenton"}]},{"@type":"WebSite","@id":"https:\/\/www.hafenton.de\/#website","url":"https:\/\/www.hafenton.de\/","name":"Hafenton","description":"","potentialAction":[{"@type":"SearchAction","target":{"@type":"EntryPoint","urlTemplate":"https:\/\/www.hafenton.de\/?s={search_term_string}"},"query-input":"required name=search_term_string"}],"inLanguage":"de"}]}},"_links":{"self":[{"href":"https:\/\/www.hafenton.de\/index.php?rest_route=\/wp\/v2\/pages\/7","targetHints":{"allow":["GET"]}}],"collection":[{"href":"https:\/\/www.hafenton.de\/index.php?rest_route=\/wp\/v2\/pages"}],"about":[{"href":"https:\/\/www.hafenton.de\/index.php?rest_route=\/wp\/v2\/types\/page"}],"author":[{"embeddable":true,"href":"https:\/\/www.hafenton.de\/index.php?rest_route=\/wp\/v2\/users\/1"}],"replies":[{"embeddable":true,"href":"https:\/\/www.hafenton.de\/index.php?rest_route=%2Fwp%2Fv2%2Fcomments&post=7"}],"version-history":[{"count":63,"href":"https:\/\/www.hafenton.de\/index.php?rest_route=\/wp\/v2\/pages\/7\/revisions"}],"predecessor-version":[{"id":319,"href":"https:\/\/www.hafenton.de\/index.php?rest_route=\/wp\/v2\/pages\/7\/revisions\/319"}],"wp:attachment":[{"href":"https:\/\/www.hafenton.de\/index.php?rest_route=%2Fwp%2Fv2%2Fmedia&parent=7"}],"curies":[{"name":"wp","href":"https:\/\/api.w.org\/{rel}","templated":true}]}}